{"id":2857,"date":"2025-09-05T04:30:53","date_gmt":"2025-09-05T04:30:53","guid":{"rendered":"https:\/\/vyda.codika.net\/que-hacemos\/"},"modified":"2025-10-22T00:10:56","modified_gmt":"2025-10-22T00:10:56","slug":"que-hacemos","status":"publish","type":"page","link":"https:\/\/vyda.codika.net\/es\/que-hacemos\/","title":{"rendered":"Qu\u00e9 Hacemos"},"content":{"rendered":"\t\t<div data-elementor-type=\"wp-page\" data-elementor-id=\"2857\" class=\"elementor elementor-2857 elementor-1154\" data-elementor-post-type=\"page\">\n\t\t\t\t<div class=\"elementor-element elementor-element-433c977 e-flex e-con-boxed e-con e-parent\" data-id=\"433c977\" data-element_type=\"container\">\n\t\t\t\t\t<div class=\"e-con-inner\">\n\t\t<div class=\"elementor-element elementor-element-aa10982 e-con-full e-flex e-con e-child\" data-id=\"aa10982\" data-element_type=\"container\">\n\t\t\t\t<div class=\"elementor-element elementor-element-d730daf elementor-widget elementor-widget-heading\" data-id=\"d730daf\" data-element_type=\"widget\" data-widget_type=\"heading.default\">\n\t\t\t\t\t<span class=\"elementor-heading-title elementor-size-default\">Estructura.  <\/span>\t\t\t\t<\/div>\n\t\t\t\t<div class=\"elementor-element elementor-element-1fcc67a elementor-widget elementor-widget-heading\" data-id=\"1fcc67a\" data-element_type=\"widget\" data-widget_type=\"heading.default\">\n\t\t\t\t\t<span class=\"elementor-heading-title elementor-size-default\">Construcci\u00f3n.<\/span>\t\t\t\t<\/div>\n\t\t\t\t<div class=\"elementor-element elementor-element-f3f50dd elementor-widget elementor-widget-heading\" data-id=\"f3f50dd\" data-element_type=\"widget\" data-widget_type=\"heading.default\">\n\t\t\t\t\t<span class=\"elementor-heading-title elementor-size-default\">Entrega.<\/span>\t\t\t\t<\/div>\n\t\t\t\t<div class=\"elementor-element elementor-element-1be9649 elementor-widget__width-inherit elementor-widget elementor-widget-text-editor\" data-id=\"1be9649\" data-element_type=\"widget\" data-widget_type=\"text-editor.default\">\n\t\t\t\t\t\t\t\t\tEstamos especializados en identificar oportunidades de gran valor, gestionar el riesgo y ejecutar todas las fases del proceso de inversi\u00f3n, desde la estructuraci\u00f3n hasta la entrega.\t\t\t\t\t\t\t\t<\/div>\n\t\t\t\t<\/div>\n\t\t<div class=\"elementor-element elementor-element-fabbc27 e-con-full e-flex e-con e-child\" data-id=\"fabbc27\" data-element_type=\"container\">\n\t\t\t\t<div class=\"elementor-element elementor-element-e6263bf elementor-widget elementor-widget-image\" data-id=\"e6263bf\" data-element_type=\"widget\" data-widget_type=\"image.default\">\n\t\t\t\t\t\t\t\t\t\t\t\t\t\t\t<img loading=\"lazy\" decoding=\"async\" width=\"797\" height=\"1082\" src=\"https:\/\/vyda.codika.net\/wp-content\/uploads\/2025\/09\/what-we-do-main-image.jpg\" class=\"attachment-full size-full wp-image-2649\" alt=\"what we do main image\" srcset=\"https:\/\/vyda.codika.net\/wp-content\/uploads\/2025\/09\/what-we-do-main-image.jpg 797w, https:\/\/vyda.codika.net\/wp-content\/uploads\/2025\/09\/what-we-do-main-image-221x300.jpg 221w, https:\/\/vyda.codika.net\/wp-content\/uploads\/2025\/09\/what-we-do-main-image-754x1024.jpg 754w, https:\/\/vyda.codika.net\/wp-content\/uploads\/2025\/09\/what-we-do-main-image-768x1043.jpg 768w\" sizes=\"auto, (max-width: 797px) 100vw, 797px\" \/>\t\t\t\t\t\t\t\t\t\t\t\t\t\t\t<\/div>\n\t\t\t\t<\/div>\n\t\t\t\t\t<\/div>\n\t\t\t\t<\/div>\n\t\t<div class=\"elementor-element elementor-element-0a0ac63 e-con-full e-flex e-con e-parent\" data-id=\"0a0ac63\" data-element_type=\"container\">\n\t\t\t\t<div class=\"elementor-element elementor-element-f4cbfd6 elementor-widget-divider--view-line elementor-widget elementor-widget-divider\" data-id=\"f4cbfd6\" data-element_type=\"widget\" data-widget_type=\"divider.default\">\n\t\t\t\t\t\t\t<div class=\"elementor-divider\">\n\t\t\t<span class=\"elementor-divider-separator\">\n\t\t\t\t\t\t<\/span>\n\t\t<\/div>\n\t\t\t\t\t\t<\/div>\n\t\t\t\t<\/div>\n\t\t<div class=\"elementor-element elementor-element-ff0e1a8 e-flex e-con-boxed e-con e-parent\" data-id=\"ff0e1a8\" data-element_type=\"container\">\n\t\t\t\t\t<div class=\"e-con-inner\">\n\t\t<div class=\"elementor-element elementor-element-3eb33e9 e-con-full e-flex e-con e-child\" data-id=\"3eb33e9\" data-element_type=\"container\">\n\t\t\t\t<div class=\"elementor-element elementor-element-bf94c2d elementor-widget elementor-widget-heading\" data-id=\"bf94c2d\" data-element_type=\"widget\" data-widget_type=\"heading.default\">\n\t\t\t\t\t<h1 class=\"elementor-heading-title elementor-size-default\">Un enfoque integrado de las inversiones alternativas<\/h1>\t\t\t\t<\/div>\n\t\t\t\t<\/div>\n\t\t<div class=\"elementor-element elementor-element-09a5059 e-con-full e-flex e-con e-child\" data-id=\"09a5059\" data-element_type=\"container\">\n\t\t\t\t<div class=\"elementor-element elementor-element-ef60b14 elementor-widget elementor-widget-text-editor\" data-id=\"ef60b14\" data-element_type=\"widget\" data-widget_type=\"text-editor.default\">\n\t\t\t\t\t\t\t\t\tEn Vyda Capital, operamos como una plataforma de inversi\u00f3n y desarrollo totalmente integrada. Asumimos toda la responsabilidad a lo largo del ciclo de vida de cada proyecto, aplicando nuestros conocimientos financieros y t\u00e9cnicos y una perspectiva a largo plazo para maximizar el valor.\t\t\t\t\t\t\t\t<\/div>\n\t\t\t\t<\/div>\n\t\t\t\t\t<\/div>\n\t\t\t\t<\/div>\n\t\t<div class=\"elementor-element elementor-element-1ddf56d e-con-full e-flex e-con e-parent\" data-id=\"1ddf56d\" data-element_type=\"container\" data-settings=\"{&quot;background_background&quot;:&quot;classic&quot;}\">\n\t\t<div class=\"elementor-element elementor-element-0b9e3de e-con-full e-flex e-con e-child\" data-id=\"0b9e3de\" data-element_type=\"container\">\n\t\t<div class=\"elementor-element elementor-element-d5387b7 e-con-full e-flex e-con e-child\" data-id=\"d5387b7\" data-element_type=\"container\">\n\t\t\t\t<div class=\"elementor-element elementor-element-41ddb34 elementor-widget elementor-widget-heading\" data-id=\"41ddb34\" data-element_type=\"widget\" data-widget_type=\"heading.default\">\n\t\t\t\t\t<h2 class=\"elementor-heading-title elementor-size-default\">\u00c1reas de Inter\u00e9s\n<\/h2>\t\t\t\t<\/div>\n\t\t\t\t<\/div>\n\t\t<div class=\"elementor-element elementor-element-56e4454 e-con-full focus-areas e-flex e-con e-child\" data-id=\"56e4454\" data-element_type=\"container\">\n\t\t\t\t<div class=\"elementor-element elementor-element-d6063b6 elementor-widget elementor-widget-html\" data-id=\"d6063b6\" data-element_type=\"widget\" data-widget_type=\"html.default\">\n\t\t\t\t\t<div class=\"focus-item-2\" data-area=\"real-estate\">\n   <div class=\"focus-title-container\">\n      <div class=\"focus-icon\">\n         <svg xmlns=\"http:\/\/www.w3.org\/2000\/svg\" width=\"60\" height=\"60\" viewbox=\"0 0 60 60\" fill=\"none\">\n            <path d=\"M22.5 52.5V37.5C22.5 36.1739 23.0268 34.9021 23.9645 33.9645C24.9021 33.0268 26.1739 32.5 27.5 32.5H32.5C33.8261 32.5 35.0979 33.0268 36.0355 33.9645C36.9732 34.9021 37.5 36.1739 37.5 37.5V52.5M12.5 30H7.5L30 7.5L52.5 30H47.5V47.5C47.5 48.8261 46.9732 50.0979 46.0355 51.0355C45.0979 51.9732 43.8261 52.5 42.5 52.5H17.5C16.1739 52.5 14.9021 51.9732 13.9645 51.0355C13.0268 50.0979 12.5 48.8261 12.5 47.5V30Z\" stroke-width=\"2\" stroke-linecap=\"round\" stroke-linejoin=\"round\"><\/path>\n         <\/svg>\n      <\/div>\n      <h3 class=\"focus-title-2\">Bienes Ra\u00edces<\/h3>\n   <\/div>\n   <div class=\"focus-content\">\n      <p class=\"focus-description-2\">Examinar todos los elementos del proyecto, desde las solicitudes de planificaci\u00f3n y las repercusiones medioambientales hasta los posibles cambios del mercado y los factores de riesgo t\u00e9cnico.<\/p>\n   <\/div>\n<\/div>\t\t\t\t<\/div>\n\t\t\t\t<div class=\"elementor-element elementor-element-acb5983 elementor-widget elementor-widget-html\" data-id=\"acb5983\" data-element_type=\"widget\" data-widget_type=\"html.default\">\n\t\t\t\t\t<div class=\"focus-item-2\" data-area=\"private-equity\">\n   <div class=\"focus-title-container\">\n      <div class=\"focus-icon\">\n         <svg xmlns=\"http:\/\/www.w3.org\/2000\/svg\" width=\"60\" height=\"60\" viewbox=\"0 0 60 60\" fill=\"none\">\n            <path d=\"M20 17.5V12.5C20 11.1739 20.5268 9.90215 21.4645 8.96447C22.4021 8.02678 23.6739 7.5 25 7.5H35C36.3261 7.5 37.5979 8.02678 38.5355 8.96447C39.4732 9.90215 40 11.1739 40 12.5V17.5M30 30V30.025M7.5 32.5C14.479 36.0167 22.1851 37.8486 30 37.8486C37.8149 37.8486 45.521 36.0167 52.5 32.5M7.5 22.5C7.5 21.1739 8.02678 19.9021 8.96447 18.9645C9.90215 18.0268 11.1739 17.5 12.5 17.5H47.5C48.8261 17.5 50.0979 18.0268 51.0355 18.9645C51.9732 19.9021 52.5 21.1739 52.5 22.5V45C52.5 46.3261 51.9732 47.5979 51.0355 48.5355C50.0979 49.4732 48.8261 50 47.5 50H12.5C11.1739 50 9.90215 49.4732 8.96447 48.5355C8.02678 47.5979 7.5 46.3261 7.5 45V22.5Z\" stroke-width=\"2\" stroke-linecap=\"round\" stroke-linejoin=\"round\"><\/path>\n         <\/svg>\n      <\/div>\n      <h3 class=\"focus-title-2\">Capital Privado<\/h3>\n   <\/div>\n   <div class=\"focus-content\">\n      <p class=\"focus-description-2\">Despliegue estrat\u00e9gico de capital en oportunidades de gran potencial, aprovechando una profunda experiencia de mercado y una rigurosa diligencia debida para maximizar la rentabilidad de nuestros inversores.<\/p>\n   <\/div>\n<\/div>\t\t\t\t<\/div>\n\t\t\t\t<div class=\"elementor-element elementor-element-816ff95 elementor-widget elementor-widget-html\" data-id=\"816ff95\" data-element_type=\"widget\" data-widget_type=\"html.default\">\n\t\t\t\t\t<div class=\"focus-item-2\" data-area=\"advisory-services\">\n   <div class=\"focus-title-container\">\n      <div class=\"focus-icon\">\n         <svg xmlns=\"http:\/\/www.w3.org\/2000\/svg\" width=\"60\" height=\"60\" viewbox=\"0 0 60 60\" fill=\"none\">\n            <path d=\"M7.5 30H10M30 7.5V10M50 30H52.5M14 14L15.75 15.75M46 14L44.25 15.75M24.248 42.5H35.748M22.5 40C20.4012 38.4259 18.8508 36.2313 18.0686 33.7271C17.2863 31.2229 17.3118 28.5361 18.1415 26.0472C18.9711 23.5583 20.5628 21.3935 22.6911 19.8595C24.8194 18.3255 27.3765 17.5 30 17.5C32.6235 17.5 35.1806 18.3255 37.3089 19.8595C39.4372 21.3935 41.0289 23.5583 41.8585 26.0472C42.6882 28.5361 42.7137 31.2229 41.9314 33.7271C41.1492 36.2313 39.5988 38.4259 37.5 40C36.5239 40.9662 35.789 42.1486 35.3547 43.4516C34.9204 44.7545 34.7989 46.1414 35 47.5C35 48.8261 34.4732 50.0979 33.5355 51.0355C32.5979 51.9732 31.3261 52.5 30 52.5C28.6739 52.5 27.4021 51.9732 26.4645 51.0355C25.5268 50.0979 25 48.8261 25 47.5C25.2011 46.1414 25.0796 44.7545 24.6453 43.4516C24.211 42.1486 23.4761 40.9662 22.5 40Z\" stroke-width=\"2\" stroke-linecap=\"round\" stroke-linejoin=\"round\"><\/path>\n         <\/svg>\n      <\/div>\n      <h3 class=\"focus-title-2\">Servicios de Asesoramiento<\/h3>\n   <\/div>\n   <div class=\"focus-content\">\n      <p class=\"focus-description-2\">Proporcionar orientaci\u00f3n experta sobre transacciones complejas, optimizaci\u00f3n de la estructura de capital y planificaci\u00f3n estrat\u00e9gica para ayudar a los clientes a navegar por el cambiante panorama de la inversi\u00f3n.<\/p>\n   <\/div>\n<\/div>\t\t\t\t<\/div>\n\t\t\t\t<\/div>\n\t\t<div class=\"elementor-element elementor-element-cc4df6c e-con-full e-flex e-con e-child\" data-id=\"cc4df6c\" data-element_type=\"container\">\n\t\t\t\t<div class=\"elementor-element elementor-element-c6a1e5c elementor-widget elementor-widget-html\" data-id=\"c6a1e5c\" data-element_type=\"widget\" data-widget_type=\"html.default\">\n\t\t\t\t\t<script>\/\/ Placeholder para funcionalidad JavaScript adicional si es necesaria\n   document.addEventListener('DOMContentLoaded', function() {\n       const focusItems = document.querySelectorAll('.focus-item-2');\n       \n       focusItems.forEach(item => {\n           item.addEventListener('mouseenter', function() {\n               \/\/ Funcionalidad adicional en hover si es necesaria\n           });\n           \n           item.addEventListener('mouseleave', function() {\n               \/\/ Funcionalidad adicional al salir del hover si es necesaria\n           });\n       });\n   });\n<\/script>\t\t\t\t<\/div>\n\t\t\t\t<\/div>\n\t\t\t\t<\/div>\n\t\t<div class=\"elementor-element elementor-element-426e60a e-con-full e-flex e-con e-child\" data-id=\"426e60a\" data-element_type=\"container\" data-settings=\"{&quot;background_background&quot;:&quot;classic&quot;}\">\n\t\t\t\t<\/div>\n\t\t\t\t<\/div>\n\t\t<div class=\"elementor-element elementor-element-dc23aed e-flex e-con-boxed e-con e-parent\" data-id=\"dc23aed\" data-element_type=\"container\">\n\t\t\t\t\t<div class=\"e-con-inner\">\n\t\t<div class=\"elementor-element elementor-element-eb4eb10 e-con-full e-flex e-con e-child\" data-id=\"eb4eb10\" data-element_type=\"container\">\n\t\t\t\t<div class=\"elementor-element elementor-element-8b01ab7 elementor-widget elementor-widget-heading\" data-id=\"8b01ab7\" data-element_type=\"widget\" data-widget_type=\"heading.default\">\n\t\t\t\t\t<h2 class=\"elementor-heading-title elementor-size-default\">C\u00f3mo Trabajamos<\/h2>\t\t\t\t<\/div>\n\t\t\t\t<div class=\"elementor-element elementor-element-93717cd elementor-widget__width-inherit elementor-widget elementor-widget-text-editor\" data-id=\"93717cd\" data-element_type=\"widget\" data-widget_type=\"text-editor.default\">\n\t\t\t\t\t\t\t\t\t<p>Un enfoque paso a paso con pleno control y responsabilidad.<\/p>\t\t\t\t\t\t\t\t<\/div>\n\t\t\t\t<\/div>\n\t\t<div class=\"elementor-element elementor-element-a516fa9 e-con-full e-flex e-con e-child\" data-id=\"a516fa9\" data-element_type=\"container\">\n\t\t<div class=\"elementor-element elementor-element-99e7e46 e-con-full e-flex e-con e-child\" data-id=\"99e7e46\" data-element_type=\"container\" data-settings=\"{&quot;background_background&quot;:&quot;classic&quot;}\">\n\t\t\t\t<div class=\"elementor-element elementor-element-a0255e3 elementor-widget elementor-widget-heading\" data-id=\"a0255e3\" data-element_type=\"widget\" data-widget_type=\"heading.default\">\n\t\t\t\t\t<h3 class=\"elementor-heading-title elementor-size-default\">Identificaci\u00f3n  de <br>Oportunidades<\/h3>\t\t\t\t<\/div>\n\t\t\t\t<\/div>\n\t\t<div class=\"elementor-element elementor-element-9ff693f e-con-full e-flex e-con e-child\" data-id=\"9ff693f\" data-element_type=\"container\" data-settings=\"{&quot;background_background&quot;:&quot;classic&quot;}\">\n\t\t\t\t<div class=\"elementor-element elementor-element-9c99f94 elementor-widget elementor-widget-heading\" data-id=\"9c99f94\" data-element_type=\"widget\" data-widget_type=\"heading.default\">\n\t\t\t\t\t<h3 class=\"elementor-heading-title elementor-size-default\">An\u00e1lisis t\u00e9cnico y financiero<\/h3>\t\t\t\t<\/div>\n\t\t\t\t<\/div>\n\t\t<div class=\"elementor-element elementor-element-ecece20 e-con-full e-flex e-con e-child\" data-id=\"ecece20\" data-element_type=\"container\" data-settings=\"{&quot;background_background&quot;:&quot;classic&quot;}\">\n\t\t\t\t<div class=\"elementor-element elementor-element-97fbfe1 elementor-widget elementor-widget-heading\" data-id=\"97fbfe1\" data-element_type=\"widget\" data-widget_type=\"heading.default\">\n\t\t\t\t\t<h3 class=\"elementor-heading-title elementor-size-default\">Proyecto del <br>Desarrollo<\/h3>\t\t\t\t<\/div>\n\t\t\t\t<\/div>\n\t\t<div class=\"elementor-element elementor-element-e56a9f0 e-con-full e-flex e-con e-child\" data-id=\"e56a9f0\" data-element_type=\"container\" data-settings=\"{&quot;background_background&quot;:&quot;classic&quot;}\">\n\t\t\t\t<div class=\"elementor-element elementor-element-f06821c elementor-widget elementor-widget-heading\" data-id=\"f06821c\" data-element_type=\"widget\" data-widget_type=\"heading.default\">\n\t\t\t\t\t<h3 class=\"elementor-heading-title elementor-size-default\">Optimizaci\u00f3n del Rendimiento<\/h3>\t\t\t\t<\/div>\n\t\t\t\t<\/div>\n\t\t\t\t<\/div>\n\t\t\t\t\t<\/div>\n\t\t\t\t<\/div>\n\t\t\t\t<\/div>\n\t\t","protected":false},"excerpt":{"rendered":"<p>Estructura. Construcci\u00f3n. Entrega. Estamos especializados en identificar oportunidades de gran valor, gestionar el riesgo y ejecutar todas las fases del proceso de inversi\u00f3n, desde la estructuraci\u00f3n hasta la entrega. Un enfoque integrado de las inversiones alternativas En Vyda Capital, operamos como una plataforma de inversi\u00f3n y desarrollo totalmente integrada. Asumimos toda la responsabilidad a lo [&hellip;]<\/p>\n","protected":false},"author":1,"featured_media":0,"parent":0,"menu_order":0,"comment_status":"closed","ping_status":"closed","template":"elementor_header_footer","meta":{"_acf_changed":false,"footnotes":""},"class_list":["post-2857","page","type-page","status-publish","hentry"],"acf":[],"_links":{"self":[{"href":"https:\/\/vyda.codika.net\/es\/wp-json\/wp\/v2\/pages\/2857","targetHints":{"allow":["GET"]}}],"collection":[{"href":"https:\/\/vyda.codika.net\/es\/wp-json\/wp\/v2\/pages"}],"about":[{"href":"https:\/\/vyda.codika.net\/es\/wp-json\/wp\/v2\/types\/page"}],"author":[{"embeddable":true,"href":"https:\/\/vyda.codika.net\/es\/wp-json\/wp\/v2\/users\/1"}],"replies":[{"embeddable":true,"href":"https:\/\/vyda.codika.net\/es\/wp-json\/wp\/v2\/comments?post=2857"}],"version-history":[{"count":14,"href":"https:\/\/vyda.codika.net\/es\/wp-json\/wp\/v2\/pages\/2857\/revisions"}],"predecessor-version":[{"id":2947,"href":"https:\/\/vyda.codika.net\/es\/wp-json\/wp\/v2\/pages\/2857\/revisions\/2947"}],"wp:attachment":[{"href":"https:\/\/vyda.codika.net\/es\/wp-json\/wp\/v2\/media?parent=2857"}],"curies":[{"name":"wp","href":"https:\/\/api.w.org\/{rel}","templated":true}]}}