{"id":2850,"date":"2025-10-10T14:15:03","date_gmt":"2025-10-10T14:15:03","guid":{"rendered":"https:\/\/vyda.codika.net\/empresas-afiliadas\/"},"modified":"2025-10-22T00:13:17","modified_gmt":"2025-10-22T00:13:17","slug":"empresas-afiliadas","status":"publish","type":"page","link":"https:\/\/vyda.codika.net\/es\/empresas-afiliadas\/","title":{"rendered":"Empresas Afiliadas"},"content":{"rendered":"\t\t<div data-elementor-type=\"wp-page\" data-elementor-id=\"2850\" class=\"elementor elementor-2850 elementor-2381\" data-elementor-post-type=\"page\">\n\t\t\t\t<div class=\"elementor-element elementor-element-adefc0b e-flex e-con-boxed e-con e-parent\" data-id=\"adefc0b\" data-element_type=\"container\">\n\t\t\t\t\t<div class=\"e-con-inner\">\n\t\t<div class=\"elementor-element elementor-element-84526a9 e-con-full e-flex e-con e-child\" data-id=\"84526a9\" data-element_type=\"container\">\n\t\t\t\t<div class=\"elementor-element elementor-element-070f4a5 elementor-widget elementor-widget-heading\" data-id=\"070f4a5\" data-element_type=\"widget\" data-widget_type=\"heading.default\">\n\t\t\t\t\t<h1 class=\"elementor-heading-title elementor-size-default\">Empresas Afiliadas<\/h1>\t\t\t\t<\/div>\n\t\t\t\t<div class=\"elementor-element elementor-element-5e9fe9e elementor-widget__width-initial elementor-widget elementor-widget-text-editor\" data-id=\"5e9fe9e\" data-element_type=\"widget\" data-widget_type=\"text-editor.default\">\n\t\t\t\t\t\t\t\t\t<p>Al integrar nuestras empresas afiliadas, ofrecemos a los clientes un ecosistema \u00fanico de experiencia y ejecuci\u00f3n, creado para descubrir oportunidades y maximizar el valor a largo plazo.<\/p>\t\t\t\t\t\t\t\t<\/div>\n\t\t\t\t<\/div>\n\t\t<div class=\"elementor-element elementor-element-56a1f49 e-con-full e-flex e-con e-child\" data-id=\"56a1f49\" data-element_type=\"container\">\n\t\t\t\t<div class=\"elementor-element elementor-element-8651f91 elementor-widget elementor-widget-image\" data-id=\"8651f91\" data-element_type=\"widget\" data-widget_type=\"image.default\">\n\t\t\t\t\t\t\t\t\t\t\t\t\t\t\t<img loading=\"lazy\" decoding=\"async\" width=\"919\" height=\"1088\" src=\"https:\/\/vyda.codika.net\/wp-content\/uploads\/2025\/10\/affiliated-companies-hero-img.jpg\" class=\"attachment-full size-full wp-image-2773\" alt=\"affiliated companies hero img\" srcset=\"https:\/\/vyda.codika.net\/wp-content\/uploads\/2025\/10\/affiliated-companies-hero-img.jpg 919w, https:\/\/vyda.codika.net\/wp-content\/uploads\/2025\/10\/affiliated-companies-hero-img-253x300.jpg 253w, https:\/\/vyda.codika.net\/wp-content\/uploads\/2025\/10\/affiliated-companies-hero-img-865x1024.jpg 865w, https:\/\/vyda.codika.net\/wp-content\/uploads\/2025\/10\/affiliated-companies-hero-img-768x909.jpg 768w\" sizes=\"auto, (max-width: 919px) 100vw, 919px\" \/>\t\t\t\t\t\t\t\t\t\t\t\t\t\t\t<\/div>\n\t\t\t\t<\/div>\n\t\t\t\t\t<\/div>\n\t\t\t\t<\/div>\n\t\t<div class=\"elementor-element elementor-element-2e598cb e-flex e-con-boxed e-con e-parent\" data-id=\"2e598cb\" data-element_type=\"container\">\n\t\t\t\t\t<div class=\"e-con-inner\">\n\t\t<div class=\"elementor-element elementor-element-1655512 e-con-full e-flex e-con e-child\" data-id=\"1655512\" data-element_type=\"container\">\n\t\t\t\t<div class=\"elementor-element elementor-element-232dfaf elementor-widget elementor-widget-image\" data-id=\"232dfaf\" data-element_type=\"widget\" data-widget_type=\"image.default\">\n\t\t\t\t\t\t\t\t\t\t\t\t\t\t\t<img loading=\"lazy\" decoding=\"async\" width=\"437\" height=\"273\" src=\"https:\/\/vyda.codika.net\/wp-content\/uploads\/2025\/10\/vyda-capital-logo-affiliated-companies.svg\" class=\"attachment-full size-full wp-image-2776\" alt=\"vyda capital logo affiliated companies\" \/>\t\t\t\t\t\t\t\t\t\t\t\t\t\t\t<\/div>\n\t\t\t\t<\/div>\n\t\t<div class=\"elementor-element elementor-element-326ce01 e-con-full e-flex e-con e-child\" data-id=\"326ce01\" data-element_type=\"container\">\n\t\t\t\t<div class=\"elementor-element elementor-element-eb2847d elementor-widget elementor-widget-heading\" data-id=\"eb2847d\" data-element_type=\"widget\" data-widget_type=\"heading.default\">\n\t\t\t\t\t<h2 class=\"elementor-heading-title elementor-size-default\">Vyda Capital<\/h2>\t\t\t\t<\/div>\n\t\t\t\t<div class=\"elementor-element elementor-element-cc93575 elementor-widget elementor-widget-text-editor\" data-id=\"cc93575\" data-element_type=\"widget\" data-widget_type=\"text-editor.default\">\n\t\t\t\t\t\t\t\t\t<p>Empresa especializada en inversiones alternativas con m\u00e1s de 15 a\u00f1os de experiencia en el sector inmobiliario y de capital riesgo. Centrado en la b\u00fasqueda, estructuraci\u00f3n y ejecuci\u00f3n de oportunidades de alto potencial en la econom\u00eda real.<\/p>\t\t\t\t\t\t\t\t<\/div>\n\t\t\t\t<\/div>\n\t\t\t\t\t<\/div>\n\t\t\t\t<\/div>\n\t\t<div class=\"elementor-element elementor-element-ce05d12 e-flex e-con-boxed e-con e-parent\" data-id=\"ce05d12\" data-element_type=\"container\">\n\t\t\t\t\t<div class=\"e-con-inner\">\n\t\t<div class=\"elementor-element elementor-element-6f71e24 e-con-full e-flex e-con e-child\" data-id=\"6f71e24\" data-element_type=\"container\">\n\t\t\t\t<div class=\"elementor-element elementor-element-e278eb6 elementor-widget elementor-widget-heading\" data-id=\"e278eb6\" data-element_type=\"widget\" data-widget_type=\"heading.default\">\n\t\t\t\t\t<h2 class=\"elementor-heading-title elementor-size-default\">Sygen Construcci\u00f3n\n&amp; Gesti\u00f3n<\/h2>\t\t\t\t<\/div>\n\t\t\t\t<div class=\"elementor-element elementor-element-ce2c4c5 elementor-widget elementor-widget-text-editor\" data-id=\"ce2c4c5\" data-element_type=\"widget\" data-widget_type=\"text-editor.default\">\n\t\t\t\t\t\t\t\t\t<p>Una empresa de construcci\u00f3n con m\u00e1s de 40 a\u00f1os de experiencia en la Rep\u00fablica Dominicana. Se especializa en soluciones integrales, desde el dise\u00f1o y la planificaci\u00f3n hasta la entrega y el servicio posventa. Su cartera incluye proyectos residenciales, corporativos, tur\u00edsticos e industriales, construidos con un firme compromiso con la calidad, la innovaci\u00f3n y la eficiencia.<\/p>\t\t\t\t\t\t\t\t<\/div>\n\t\t\t\t<\/div>\n\t\t<div class=\"elementor-element elementor-element-80764f2 e-con-full e-flex e-con e-child\" data-id=\"80764f2\" data-element_type=\"container\">\n\t\t\t\t<div class=\"elementor-element elementor-element-da8fbae elementor-widget elementor-widget-image\" data-id=\"da8fbae\" data-element_type=\"widget\" data-widget_type=\"image.default\">\n\t\t\t\t\t\t\t\t\t\t\t\t\t\t\t<img loading=\"lazy\" decoding=\"async\" width=\"1990\" height=\"1570\" src=\"https:\/\/vyda.codika.net\/wp-content\/uploads\/2025\/10\/sygen-affiliated-companies.png\" class=\"attachment-full size-full wp-image-2777\" alt=\"sygen affiliated companies\" srcset=\"https:\/\/vyda.codika.net\/wp-content\/uploads\/2025\/10\/sygen-affiliated-companies.png 1990w, https:\/\/vyda.codika.net\/wp-content\/uploads\/2025\/10\/sygen-affiliated-companies-300x237.png 300w, https:\/\/vyda.codika.net\/wp-content\/uploads\/2025\/10\/sygen-affiliated-companies-1024x808.png 1024w, https:\/\/vyda.codika.net\/wp-content\/uploads\/2025\/10\/sygen-affiliated-companies-768x606.png 768w, https:\/\/vyda.codika.net\/wp-content\/uploads\/2025\/10\/sygen-affiliated-companies-1536x1212.png 1536w\" sizes=\"auto, (max-width: 1990px) 100vw, 1990px\" \/>\t\t\t\t\t\t\t\t\t\t\t\t\t\t\t<\/div>\n\t\t\t\t<\/div>\n\t\t\t\t\t<\/div>\n\t\t\t\t<\/div>\n\t\t<div class=\"elementor-element elementor-element-6a113b2 e-flex e-con-boxed e-con e-parent\" data-id=\"6a113b2\" data-element_type=\"container\">\n\t\t\t\t\t<div class=\"e-con-inner\">\n\t\t<div class=\"elementor-element elementor-element-89db652 e-con-full e-flex e-con e-child\" data-id=\"89db652\" data-element_type=\"container\">\n\t\t\t\t<div class=\"elementor-element elementor-element-7e12447 elementor-widget elementor-widget-image\" data-id=\"7e12447\" data-element_type=\"widget\" data-widget_type=\"image.default\">\n\t\t\t\t\t\t\t\t\t\t\t\t\t\t\t<img loading=\"lazy\" decoding=\"async\" width=\"651\" height=\"413\" src=\"https:\/\/vyda.codika.net\/wp-content\/uploads\/2025\/10\/y-data-analytics.jpg\" class=\"attachment-full size-full wp-image-2778\" alt=\"y data analytics\" srcset=\"https:\/\/vyda.codika.net\/wp-content\/uploads\/2025\/10\/y-data-analytics.jpg 651w, https:\/\/vyda.codika.net\/wp-content\/uploads\/2025\/10\/y-data-analytics-300x190.jpg 300w\" sizes=\"auto, (max-width: 651px) 100vw, 651px\" \/>\t\t\t\t\t\t\t\t\t\t\t\t\t\t\t<\/div>\n\t\t\t\t<\/div>\n\t\t<div class=\"elementor-element elementor-element-1bfcd5f e-con-full e-flex e-con e-child\" data-id=\"1bfcd5f\" data-element_type=\"container\">\n\t\t\t\t<div class=\"elementor-element elementor-element-6b08a99 elementor-widget elementor-widget-heading\" data-id=\"6b08a99\" data-element_type=\"widget\" data-widget_type=\"heading.default\">\n\t\t\t\t\t<h2 class=\"elementor-heading-title elementor-size-default\">YDATA<\/h2>\t\t\t\t<\/div>\n\t\t\t\t<div class=\"elementor-element elementor-element-526f11d elementor-widget elementor-widget-text-editor\" data-id=\"526f11d\" data-element_type=\"widget\" data-widget_type=\"text-editor.default\">\n\t\t\t\t\t\t\t\t\t<p>Software propio de gesti\u00f3n de proyectos que agiliza y optimiza todas las fases del proceso de construcci\u00f3n. Proporciona informes en tiempo real, an\u00e1lisis exhaustivos de costes y un seguimiento detallado de las adquisiciones, garantizando la rendici\u00f3n de cuentas en directo, la transparencia y una mayor supervisi\u00f3n para mejorar los resultados de los proyectos.<\/p>\t\t\t\t\t\t\t\t<\/div>\n\t\t\t\t<\/div>\n\t\t\t\t\t<\/div>\n\t\t\t\t<\/div>\n\t\t<div class=\"elementor-element elementor-element-e7fbe8f e-flex e-con-boxed e-con e-parent\" data-id=\"e7fbe8f\" data-element_type=\"container\">\n\t\t\t\t\t<div class=\"e-con-inner\">\n\t\t<div class=\"elementor-element elementor-element-014c3d6 e-con-full e-flex e-con e-child\" data-id=\"014c3d6\" data-element_type=\"container\">\n\t\t\t\t<div class=\"elementor-element elementor-element-56fbc8e elementor-widget elementor-widget-heading\" data-id=\"56fbc8e\" data-element_type=\"widget\" data-widget_type=\"heading.default\">\n\t\t\t\t\t<h2 class=\"elementor-heading-title elementor-size-default\">Vyda Partners<\/h2>\t\t\t\t<\/div>\n\t\t\t\t<div class=\"elementor-element elementor-element-9f72d28 elementor-widget elementor-widget-text-editor\" data-id=\"9f72d28\" data-element_type=\"widget\" data-widget_type=\"text-editor.default\">\n\t\t\t\t\t\t\t\t\t<p> <br>Una family office multifamiliar y empresa de gesti\u00f3n de activos que presta servicios a familias y entidades de alto patrimonio en toda Am\u00e9rica Latina. A trav\u00e9s de la plataforma Vyda, buscamos y seleccionamos oportunidades de inversi\u00f3n adaptadas a cada cliente. Nuestro enfoque de asesoramiento hol\u00edstico va m\u00e1s all\u00e1 de la gesti\u00f3n patrimonial tradicional, ofreciendo servicios externalizados de CIO y CFO cuando sea necesario para garantizar una supervisi\u00f3n y alineaci\u00f3n financieras completas.<\/p>\t\t\t\t\t\t\t\t<\/div>\n\t\t\t\t<\/div>\n\t\t<div class=\"elementor-element elementor-element-4ac3c95 e-con-full e-flex e-con e-child\" data-id=\"4ac3c95\" data-element_type=\"container\">\n\t\t\t\t<div class=\"elementor-element elementor-element-dec9e42 elementor-widget elementor-widget-image\" data-id=\"dec9e42\" data-element_type=\"widget\" data-widget_type=\"image.default\">\n\t\t\t\t\t\t\t\t\t\t\t\t\t\t\t<img loading=\"lazy\" decoding=\"async\" width=\"561\" height=\"336\" src=\"https:\/\/vyda.codika.net\/wp-content\/uploads\/2025\/10\/vyda-partners-affiliated-companies.jpg\" class=\"attachment-full size-full wp-image-2779\" alt=\"vyda partners affiliated companies\" srcset=\"https:\/\/vyda.codika.net\/wp-content\/uploads\/2025\/10\/vyda-partners-affiliated-companies.jpg 561w, https:\/\/vyda.codika.net\/wp-content\/uploads\/2025\/10\/vyda-partners-affiliated-companies-300x180.jpg 300w\" sizes=\"auto, (max-width: 561px) 100vw, 561px\" \/>\t\t\t\t\t\t\t\t\t\t\t\t\t\t\t<\/div>\n\t\t\t\t<\/div>\n\t\t\t\t\t<\/div>\n\t\t\t\t<\/div>\n\t\t<div class=\"elementor-element elementor-element-fec585c e-flex e-con-boxed e-con e-parent\" data-id=\"fec585c\" data-element_type=\"container\">\n\t\t\t\t\t<div class=\"e-con-inner\">\n\t\t<div class=\"elementor-element elementor-element-04423e5 e-con-full e-flex e-con e-child\" data-id=\"04423e5\" data-element_type=\"container\">\n\t\t\t\t<div class=\"elementor-element elementor-element-a5ed9eb elementor-widget elementor-widget-image\" data-id=\"a5ed9eb\" data-element_type=\"widget\" data-widget_type=\"image.default\">\n\t\t\t\t\t\t\t\t\t\t\t\t\t\t\t<img loading=\"lazy\" decoding=\"async\" width=\"508\" height=\"289\" src=\"https:\/\/vyda.codika.net\/wp-content\/uploads\/2025\/10\/centurion.svg\" class=\"attachment-full size-full wp-image-2780\" alt=\"centurion\" \/>\t\t\t\t\t\t\t\t\t\t\t\t\t\t\t<\/div>\n\t\t\t\t<\/div>\n\t\t<div class=\"elementor-element elementor-element-6649d58 e-con-full e-flex e-con e-child\" data-id=\"6649d58\" data-element_type=\"container\">\n\t\t\t\t<div class=\"elementor-element elementor-element-4e6ad31 elementor-widget elementor-widget-heading\" data-id=\"4e6ad31\" data-element_type=\"widget\" data-widget_type=\"heading.default\">\n\t\t\t\t\t<h2 class=\"elementor-heading-title elementor-size-default\">Centuri\u00f3n<\/h2>\t\t\t\t<\/div>\n\t\t\t\t<div class=\"elementor-element elementor-element-a539311 elementor-widget elementor-widget-text-editor\" data-id=\"a539311\" data-element_type=\"widget\" data-widget_type=\"text-editor.default\">\n\t\t\t\t\t\t\t\t\t<p>Una plataforma industrial y log\u00edstica desarrollada estrat\u00e9gicamente en toda la Rep\u00fablica Dominicana. Dise\u00f1ado para dar servicio a empresas locales e internacionales con modernos almacenes, centros e instalaciones especializadas, impulsando la competitividad y el crecimiento regional.<\/p>\t\t\t\t\t\t\t\t<\/div>\n\t\t\t\t<\/div>\n\t\t\t\t\t<\/div>\n\t\t\t\t<\/div>\n\t\t<div class=\"elementor-element elementor-element-c2aaf5b e-flex e-con-boxed e-con e-parent\" data-id=\"c2aaf5b\" data-element_type=\"container\">\n\t\t\t\t\t<div class=\"e-con-inner\">\n\t\t<div class=\"elementor-element elementor-element-0b3be95 e-con-full e-flex e-con e-child\" data-id=\"0b3be95\" data-element_type=\"container\">\n\t\t\t\t<div class=\"elementor-element elementor-element-c743221 elementor-widget-tablet__width-initial elementor-widget elementor-widget-heading\" data-id=\"c743221\" data-element_type=\"widget\" data-widget_type=\"heading.default\">\n\t\t\t\t\t<p class=\"elementor-heading-title elementor-size-default\">Nuestras empresas afiliadas ampl\u00edan nuestro alcance y refuerzan nuestra experiencia.<\/p>\t\t\t\t<\/div>\n\t\t\t\t<\/div>\n\t\t\t\t\t<\/div>\n\t\t\t\t<\/div>\n\t\t\t\t<\/div>\n\t\t","protected":false},"excerpt":{"rendered":"<p>Empresas Afiliadas Al integrar nuestras empresas afiliadas, ofrecemos a los clientes un ecosistema \u00fanico de experiencia y ejecuci\u00f3n, creado para descubrir oportunidades y maximizar el valor a largo plazo. Vyda Capital Empresa especializada en inversiones alternativas con m\u00e1s de 15 a\u00f1os de experiencia en el sector inmobiliario y de capital riesgo. Centrado en la b\u00fasqueda, [&hellip;]<\/p>\n","protected":false},"author":1,"featured_media":0,"parent":0,"menu_order":0,"comment_status":"closed","ping_status":"closed","template":"","meta":{"_acf_changed":false,"footnotes":""},"class_list":["post-2850","page","type-page","status-publish","hentry"],"acf":[],"_links":{"self":[{"href":"https:\/\/vyda.codika.net\/es\/wp-json\/wp\/v2\/pages\/2850","targetHints":{"allow":["GET"]}}],"collection":[{"href":"https:\/\/vyda.codika.net\/es\/wp-json\/wp\/v2\/pages"}],"about":[{"href":"https:\/\/vyda.codika.net\/es\/wp-json\/wp\/v2\/types\/page"}],"author":[{"embeddable":true,"href":"https:\/\/vyda.codika.net\/es\/wp-json\/wp\/v2\/users\/1"}],"replies":[{"embeddable":true,"href":"https:\/\/vyda.codika.net\/es\/wp-json\/wp\/v2\/comments?post=2850"}],"version-history":[{"count":9,"href":"https:\/\/vyda.codika.net\/es\/wp-json\/wp\/v2\/pages\/2850\/revisions"}],"predecessor-version":[{"id":2953,"href":"https:\/\/vyda.codika.net\/es\/wp-json\/wp\/v2\/pages\/2850\/revisions\/2953"}],"wp:attachment":[{"href":"https:\/\/vyda.codika.net\/es\/wp-json\/wp\/v2\/media?parent=2850"}],"curies":[{"name":"wp","href":"https:\/\/api.w.org\/{rel}","templated":true}]}}